{"id":781,"date":"2017-02-09T08:45:13","date_gmt":"2017-02-09T08:45:13","guid":{"rendered":"http:\/\/dummy.xtemos.com\/basel\/vers\/?page_id=781"},"modified":"2025-08-19T14:41:51","modified_gmt":"2025-08-19T14:41:51","slug":"hakkimizda","status":"publish","type":"page","link":"https:\/\/www.kocamaninsaat.net.tr\/?page_id=781","title":{"rendered":"Hakk\u0131m\u0131zda"},"content":{"rendered":"<div class=\"wpb-content-wrapper\"><p>[vc_row full_width=&#8221;stretch_row_content_no_spaces&#8221; content_placement=&#8221;middle&#8221; css=&#8221;.vc_custom_1451486211770{margin-top: -40px !important;margin-bottom: -40px !important;}&#8221;][vc_column offset=&#8221;vc_col-md-6&#8243;][vc_single_image image=&#8221;31939&#8243; img_size=&#8221;full&#8221; alignment=&#8221;center&#8221; css=&#8221;.vc_custom_1755614469482{margin-bottom: 0px !important;}&#8221;][\/vc_column][vc_column css=&#8221;.vc_custom_1485009354843{margin-top: 25px !important;margin-bottom: 40px !important;padding-right: 10% !important;padding-left: 10% !important;}&#8221; offset=&#8221;vc_col-md-6&#8243;][vc_column_text css=&#8221;.vc_custom_1755614504684{margin-bottom: 30px !important;}&#8221;]<\/p>\n<h1 class=\"font-title\" style=\"font-size: 42px; text-transform: capitalize; text-align: left;\"><strong data-start=\"153\" data-end=\"171\">\u00a0 \u00a0Kocaman \u0130n\u015faat<\/strong>,<\/h1>\n<p>[\/vc_column_text][vc_column_text css=&#8221;.vc_custom_1755614436507{padding-right: 30px !important;padding-left: 30px !important;}&#8221;]<\/p>\n<p data-start=\"153\" data-end=\"394\">y\u0131llar\u0131n deneyimiyle sekt\u00f6rde g\u00fcvenin ve kalitenin simgesi olmu\u015ftur. Ah\u015fap ve kiremit \u00e7at\u0131 yap\u0131m\u0131ndan balkon &amp; teras \u00e7at\u0131 \u00e7\u00f6z\u00fcmlerine, kaba in\u015faat i\u015flerinden \u00e7at\u0131 izolasyonuna kadar geni\u015f bir hizmet yelpazesi sunuyoruz.<\/p>\n<p data-start=\"396\" data-end=\"596\">Sadece in\u015faat de\u011fil, ayn\u0131 zamanda <strong data-start=\"430\" data-end=\"448\">komple tadilat<\/strong> projeleriyle ya\u015fam alanlar\u0131n\u0131za de\u011fer kat\u0131yor, <strong data-start=\"496\" data-end=\"525\">kat kar\u015f\u0131l\u0131\u011f\u0131 arsa yap\u0131m\u0131<\/strong> ile de arsa sahiplerine g\u00fcvenilir ve kazan\u00e7l\u0131 yat\u0131r\u0131mlar sa\u011fl\u0131yoruz.<\/p>\n<p data-start=\"598\" data-end=\"771\">Her projemizde <strong data-start=\"613\" data-end=\"658\">sa\u011flaml\u0131k, estetik ve m\u00fc\u015fteri memnuniyeti<\/strong> \u00f6nceli\u011fimizdir. Kocaman \u0130n\u015faat olarak biz, sadece binalar de\u011fil, <strong data-start=\"724\" data-end=\"754\">gelece\u011fin ya\u015fam alanlar\u0131n\u0131<\/strong> in\u015fa ediyoruz.<\/p>\n<p>[\/vc_column_text][\/vc_column][\/vc_row]<\/p>\n<\/div>","protected":false},"excerpt":{"rendered":"<p>[vc_row full_width=&#8221;stretch_row_content_no_spaces&#8221; content_placement=&#8221;middle&#8221; css=&#8221;.vc_custom_1451486211770{margin-top: -40px !important;margin-bottom: -40px !important;}&#8221;][vc_column offset=&#8221;vc_col-md-6&#8243;][vc_single_image image=&#8221;31939&#8243; img_size=&#8221;full&#8221; alignment=&#8221;center&#8221; css=&#8221;.vc_custom_1755614469482{margin-bottom: 0px !important;}&#8221;][\/vc_column][vc_column css=&#8221;.vc_custom_1485009354843{margin-top: 25px !important;margin-bottom: 40px !important;padding-right:<\/p>\n","protected":false},"author":1,"featured_media":0,"parent":0,"menu_order":0,"comment_status":"closed","ping_status":"closed","template":"","meta":{"footnotes":""},"class_list":["post-781","page","type-page","status-publish","hentry"],"_links":{"self":[{"href":"https:\/\/www.kocamaninsaat.net.tr\/index.php?rest_route=\/wp\/v2\/pages\/781","targetHints":{"allow":["GET"]}}],"collection":[{"href":"https:\/\/www.kocamaninsaat.net.tr\/index.php?rest_route=\/wp\/v2\/pages"}],"about":[{"href":"https:\/\/www.kocamaninsaat.net.tr\/index.php?rest_route=\/wp\/v2\/types\/page"}],"author":[{"embeddable":true,"href":"https:\/\/www.kocamaninsaat.net.tr\/index.php?rest_route=\/wp\/v2\/users\/1"}],"replies":[{"embeddable":true,"href":"https:\/\/www.kocamaninsaat.net.tr\/index.php?rest_route=%2Fwp%2Fv2%2Fcomments&post=781"}],"version-history":[{"count":4,"href":"https:\/\/www.kocamaninsaat.net.tr\/index.php?rest_route=\/wp\/v2\/pages\/781\/revisions"}],"predecessor-version":[{"id":31942,"href":"https:\/\/www.kocamaninsaat.net.tr\/index.php?rest_route=\/wp\/v2\/pages\/781\/revisions\/31942"}],"wp:attachment":[{"href":"https:\/\/www.kocamaninsaat.net.tr\/index.php?rest_route=%2Fwp%2Fv2%2Fmedia&parent=781"}],"curies":[{"name":"wp","href":"https:\/\/api.w.org\/{rel}","templated":true}]}}